{"id":2685,"date":"2020-03-18T16:11:31","date_gmt":"2020-03-18T16:11:31","guid":{"rendered":"https:\/\/rederijprinsengracht.com\/essenspakete\/amsterdam-dinner-cruise\/"},"modified":"2023-03-06T08:28:32","modified_gmt":"2023-03-06T08:28:32","slug":"amsterdam-grachtenfahrt-mit-essen","status":"publish","type":"page","link":"https:\/\/rederijprinsengracht.com\/de\/essenspakete\/amsterdam-grachtenfahrt-mit-essen\/","title":{"rendered":"Amsterdam Grachtenfahrt mit essen"},"content":{"rendered":"<div class=\"wpb-content-wrapper\">[mk_page_section bg_image=&#8220;https:\/\/rederijprinsengracht.com\/wp-content\/uploads\/2020\/08\/fruits-de-mer-delphine-scaled.jpg&#8220; bg_position=&#8220;center center&#8220; bg_repeat=&#8220;no-repeat&#8220; bg_stretch=&#8220;true&#8220; video_color_mask=&#8220;#485961&#8243; video_opacity=&#8220;0&#8243; min_height=&#8220;800&#8243; sidebar=&#8220;sidebar-1&#8243;][vc_column][mk_padding_divider size=&#8220;150&#8243;][vc_column_text css=&#8220;.vc_custom_1599906317399{margin-bottom: 0px !important;}&#8220;]\n<h1 style=\"text-align: center;\"><strong>Amsterdam Grachtenfahrt mit essen<\/strong><\/h1>\n[\/vc_column_text][vc_separator color=&#8220;custom&#8220; border_width=&#8220;5&#8243; el_width=&#8220;20&#8243; accent_color=&#8220;#b7990e&#8220;][mk_padding_divider size=&#8220;50&#8243;][\/vc_column][\/mk_page_section][vc_row][vc_column][mk_padding_divider][vc_column_text css=&#8220;.vc_custom_1599907212235{margin-bottom: 0px !important;}&#8220;]\n<p style=\"text-align: center;\">Eine Amsterdam Grachtenfahrt mit essen auf einem historischen Luxusboot? Wer w\u00fcrde das nicht wollen? Bei Rederij Prinsengracht k\u00f6nnen Sie ein leckeres Dinner mit Familie, Freunden oder Arbeitskollegen genie\u00dfen. Die bezaubernden Kan\u00e4le Amsterdams sind der perfekte Ort f\u00fcr ein 3,4 oder 5-G\u00e4nge-Men\u00fc. Das gesamte Men\u00fc wird Ihnen beim Empfang an Bord pr\u00e4sentiert, aus dem Sie f\u00fcr jeden Gang eine Auswahl treffen k\u00f6nnen. Wir leiten diese Auswahl dann zu unseren sorgf\u00e4ltig ausgew\u00e4hlten Restaurants weiter. Das Essen wird entlang der Fahrt abgeholt. Ihre individuellen Ern\u00e4hrungsbed\u00fcrfnisse werden dabei selbstverst\u00e4ndlich ber\u00fccksichtigt. Zus\u00e4tzlich erhalten Sie eine passende Auswahl an Weinen zu jedem Gang.<\/p>\n[\/vc_column_text][mk_padding_divider][\/vc_column][\/vc_row][vc_row fullwidth=&#8220;true&#8220; css=&#8220;.vc_custom_1580145223355{background-color: #f2f2f2 !important;}&#8220;][vc_column width=&#8220;1\/6&#8243;][\/vc_column][vc_column width=&#8220;2\/3&#8243;][mk_padding_divider][vc_row_inner][vc_column_inner width=&#8220;1\/2&#8243;][mk_padding_divider size=&#8220;20&#8243;][vc_column_text css=&#8220;.vc_custom_1586343224571{margin-bottom: 0px !important;}&#8220;]\n<h2>Setze Segel mit der Dinnerfahrt Amsterdam!<\/h2>\n[\/vc_column_text][vc_separator color=&#8220;custom&#8220; align=&#8220;align_left&#8220; border_width=&#8220;2&#8243; el_width=&#8220;10&#8243; accent_color=&#8220;#27c1a2&#8243;][vc_column_text css=&#8220;.vc_custom_1599907339025{margin-bottom: 0px !important;}&#8220;]Verw\u00f6hnen Sie sich mit einem 3,4 oder 5-G\u00e4nge-Men\u00fc a la carte w\u00e4hrend einer Dinnerfahrt in Amsterdam. Mit bezaubernden Kronleuchtern und einem sch\u00f6nen klassischen Dinnertisch k\u00f6nnen Sie und Ihre G\u00e4ste ein geschmackvolles Dinner entlang der Kan\u00e4le genie\u00dfen. Genie\u00dfen Sie das historische Zentrum von Amsterdam, w\u00e4hrend unsere Hostessen Ihre W\u00fcnsche bedienen.<\/p>\n<h3><strong>Was macht die Dinnerfahrt Amsterdam besonders?<\/strong><\/h3>\n<ul>\n<li>W\u00e4hlen sie selbst den Abholort sowie das Ziel aus<\/li>\n<li>Sie w\u00e4hlen bequem die einzelnen Gerichte aus und wir holen Sie w\u00e4hrend der Fahrt ab.<\/li>\n<li>Setzen zie die Dauer der Fahrt selber fest.<\/li>\n<li>Wir k\u00f6nnen nahezu allen Ern\u00e4hrungsbed\u00fcrfnissen gerecht werden.<\/li>\n<li>Die Kombination der einzelnen Gerichte mit passenden Weinen. Die Weinliste kann je nach Wunsch im Vorfeld angepasst werden.<\/li>\n<\/ul>\n[\/vc_column_text][\/vc_column_inner][vc_column_inner width=&#8220;1\/2&#8243;][mk_image src=&#8220;https:\/\/rederijprinsengracht.com\/wp-content\/uploads\/2020\/09\/dinner-cruise-on-the-canals-in-amsterdam.jpg&#8220; image_height=&#8220;500&#8243; align=&#8220;center&#8220; drop_shadow=&#8220;true&#8220;][\/vc_column_inner][\/vc_row_inner][mk_padding_divider][\/vc_column][vc_column width=&#8220;1\/6&#8243;][\/vc_column][\/vc_row][vc_row][vc_column][mk_padding_divider size=&#8220;80&#8243;][mk_content_box heading=&#8220;Amsterdam Dinnerfahrt ab \u20ac100 p.P.&#8220; animation=&#8220;right-to-left&#8220;][vc_tabs][vc_tab title=&#8220;Paketangebot&#8220; tab_id=&#8220;1580297561352-0-9&#8243;][vc_column_text css=&#8220;.vc_custom_1586343327893{margin-bottom: 0px !important;}&#8220;]\n<ul>\n<li>2,5 st\u00fcndige Fahrt mit einem 3-G\u00e4nge-Men\u00fc. Das 4 oder 5-G\u00e4nge-Men\u00fc dauert l\u00e4nger.<\/li>\n<li>5-18 Personen<\/li>\n<li>Sorgf\u00e4ltig ausgew\u00e4hlte Restaurants<\/li>\n<li>Preis inklusive Bootskosten und Steuermann<\/li>\n<li>Das Dach kann bei gutem Wetter ge\u00f6ffnet werden<\/li>\n<li>Sch\u00f6n angerichtete klassische Dinnertische<\/li>\n<\/ul>\n[\/vc_column_text][\/vc_tab][vc_tab title=&#8220;Men\u00fc&#8220; tab_id=&#8220;1580297561405-0-3&#8243;][vc_column_text css=&#8220;.vc_custom_1584547817934{margin-bottom: 0px !important;}&#8220;][\/vc_column_text][\/vc_tab][vc_tab title=&#8220;Preise&#8220; tab_id=&#8220;1580297561468-0-5&#8243;][vc_column_text css=&#8220;.vc_custom_1586343319124{margin-bottom: 0px !important;}&#8220;]5-8 Personen: \u20ac180 pro Person<\/p>\n<p>9-12 Personen: \u20ac150 pro Person<\/p>\n<p>13-15 Personen: \u20ac125 pro Person<\/p>\n<p>16-18 Personen: \u20ac100 pro Person[\/vc_column_text][\/vc_tab][vc_tab title=&#8220;Optional&#8220; tab_id=&#8220;1580297561524-0-4&#8243;][vc_column_text css=&#8220;.vc_custom_1586343338540{margin-bottom: 0px !important;}&#8220;]Zus\u00e4tzlich buchbare Optionen:<\/p>\n<ul>\n<li>Weitere G\u00e4nge<\/li>\n<li>Wir haben einen exzellenten Weinlieferanten, welcher Ihnen f\u00fcr jeden Gang den passenden Wein bietet. Alternativ k\u00f6nnen Sie gegen eine Geb\u00fchr auch Ihren eigenen Wein mitbringen.<\/li>\n<li>Einen Musiker, Tenor oder ein Streichquartett.<\/li>\n<\/ul>\n<p>M\u00f6chten Sie eine zus\u00e4tzliche Option buchen? Dann teilen Sie uns dies bitte im nachfolgenden Formular mit.[\/vc_column_text][\/vc_tab][\/vc_tabs][mk_button dimension=&#8220;outline&#8220; url=&#8220;\/de\/angebot-anfordern&#8220; align=&#8220;right&#8220; outline_skin=&#8220;custom&#8220; outline_active_color=&#8220;#27c1a2&#8243; outline_hover_color=&#8220;#ffffff&#8220;]Angebot Anfordern[\/mk_button][\/mk_content_box][mk_padding_divider][\/vc_column][\/vc_row][vc_row][vc_column]<div class=\"templatera_shortcode\"><style type=\"text\/css\" data-type=\"vc_shortcodes-custom-css\">.vc_custom_1584101846240{background-color: #f2f2f2 !important;}.vc_custom_1584094734877{margin-bottom: 0px !important;}<\/style>\n<div  data-mk-full-width=\"true\" data-mk-full-width-init=\"false\" class=\"wpb_row vc_row vc_row-fluid jupiter-donut- mk-fullwidth-true  attched-false    vc_custom_1584101846240  js-master-row \">\n\t\t\t<div class=\"mk-grid\">\n\t\t\t\t\n<div class=\"vc_col-sm-2 wpb_column column_container  jupiter-donut- _ jupiter-donut-height-full\">\n\t<\/div>\n\n<div class=\"vc_col-sm-8 wpb_column column_container  jupiter-donut- _ jupiter-donut-height-full\">\n\t\n<div id=\"padding-3\" class=\"mk-padding-divider jupiter-donut-  jupiter-donut-clearfix\"><\/div>\n\n\t<div class=\" vc_custom_1584094734877\">\n\n<div id=\"text-block-4\" class=\"mk-text-block  jupiter-donut- \">\n\n\t\n\t<h2>The 7 guarantees of Rederij Prinsengracht<\/h2>\n\n\t<div class=\"clearboth\"><\/div>\n<\/div>\n\n\t<\/div>\n<div class=\"vc_separator wpb_content_element vc_separator_align_center vc_sep_width_10 vc_sep_border_width_2 vc_sep_pos_align_left vc_separator_no_text wpb_content_element  wpb_content_element\" ><span class=\"vc_sep_holder vc_sep_holder_l\"><span style=\"border-color:#27c1a2;\" class=\"vc_sep_line\"><\/span><\/span><span class=\"vc_sep_holder vc_sep_holder_r\"><span style=\"border-color:#27c1a2;\" class=\"vc_sep_line\"><\/span><\/span>\n<\/div>\n<div id=\"list-5\" class=\"mk-list-styles  mk-align-none  jupiter-donut- jupiter-donut-clear\" data-charcode=\"mk-icon-check\" data-family=\"\">\n\n\t\n\t<p>Your experience will be arranged however you prefer it.<\/p>\n<p>Aside from this, there are a number of guarantees from Rederij Prinsengracht.<\/p>\n<ul>\n<li><svg  class=\"mk-svg-icon\" data-name=\"mk-icon-check\" data-cacheid=\"icon-69d17632a9c24\" style=\" height:16px; width: 16px; \"  xmlns=\"http:\/\/www.w3.org\/2000\/svg\" viewBox=\"0 0 1792 1792\"><path d=\"M1671 566q0 40-28 68l-724 724-136 136q-28 28-68 28t-68-28l-136-136-362-362q-28-28-28-68t28-68l136-136q28-28 68-28t68 28l294 295 656-657q28-28 68-28t68 28l136 136q28 28 28 68z\"\/><\/svg>Cruise with a smile. Local helmsmen and great hostesses.<\/li>\n<li><svg  class=\"mk-svg-icon\" data-name=\"mk-icon-check\" data-cacheid=\"icon-69d17632a9c24\" style=\" height:16px; width: 16px; \"  xmlns=\"http:\/\/www.w3.org\/2000\/svg\" viewBox=\"0 0 1792 1792\"><path d=\"M1671 566q0 40-28 68l-724 724-136 136q-28 28-68 28t-68-28l-136-136-362-362q-28-28-28-68t28-68l136-136q28-28 68-28t68 28l294 295 656-657q28-28 68-28t68 28l136 136q28 28 28 68z\"\/><\/svg>A boarding location of your choice<\/li>\n<li><svg  class=\"mk-svg-icon\" data-name=\"mk-icon-check\" data-cacheid=\"icon-69d17632a9c24\" style=\" height:16px; width: 16px; \"  xmlns=\"http:\/\/www.w3.org\/2000\/svg\" viewBox=\"0 0 1792 1792\"><path d=\"M1671 566q0 40-28 68l-724 724-136 136q-28 28-68 28t-68-28l-136-136-362-362q-28-28-28-68t28-68l136-136q28-28 68-28t68 28l294 295 656-657q28-28 68-28t68 28l136 136q28 28 28 68z\"\/><\/svg>All modern facilities on board (including lavatories\/WC\u2019s, a sound system with microphone(s), 220 volts, heating for the winter months, large open windows and a deck for in the summer)<\/li>\n<li><svg  class=\"mk-svg-icon\" data-name=\"mk-icon-check\" data-cacheid=\"icon-69d17632a9c24\" style=\" height:16px; width: 16px; \"  xmlns=\"http:\/\/www.w3.org\/2000\/svg\" viewBox=\"0 0 1792 1792\"><path d=\"M1671 566q0 40-28 68l-724 724-136 136q-28 28-68 28t-68-28l-136-136-362-362q-28-28-28-68t28-68l136-136q28-28 68-28t68 28l294 295 656-657q28-28 68-28t68 28l136 136q28 28 28 68z\"\/><\/svg>Lowest prices &amp; no reservation costs<\/li>\n<li><svg  class=\"mk-svg-icon\" data-name=\"mk-icon-check\" data-cacheid=\"icon-69d17632a9c24\" style=\" height:16px; width: 16px; \"  xmlns=\"http:\/\/www.w3.org\/2000\/svg\" viewBox=\"0 0 1792 1792\"><path d=\"M1671 566q0 40-28 68l-724 724-136 136q-28 28-68 28t-68-28l-136-136-362-362q-28-28-28-68t28-68l136-136q28-28 68-28t68 28l294 295 656-657q28-28 68-28t68 28l136 136q28 28 28 68z\"\/><\/svg>Bad weather guarantee: the roof can be both opened and closed<\/li>\n<li><svg  class=\"mk-svg-icon\" data-name=\"mk-icon-check\" data-cacheid=\"icon-69d17632a9c24\" style=\" height:16px; width: 16px; \"  xmlns=\"http:\/\/www.w3.org\/2000\/svg\" viewBox=\"0 0 1792 1792\"><path d=\"M1671 566q0 40-28 68l-724 724-136 136q-28 28-68 28t-68-28l-136-136-362-362q-28-28-28-68t28-68l136-136q28-28 68-28t68 28l294 295 656-657q28-28 68-28t68 28l136 136q28 28 28 68z\"\/><\/svg>Your wishes and requests are vital and central.<\/li>\n<li><svg  class=\"mk-svg-icon\" data-name=\"mk-icon-check\" data-cacheid=\"icon-69d17632a9c24\" style=\" height:16px; width: 16px; \"  xmlns=\"http:\/\/www.w3.org\/2000\/svg\" viewBox=\"0 0 1792 1792\"><path d=\"M1671 566q0 40-28 68l-724 724-136 136q-28 28-68 28t-68-28l-136-136-362-362q-28-28-28-68t28-68l136-136q28-28 68-28t68 28l294 295 656-657q28-28 68-28t68 28l136 136q28 28 28 68z\"\/><\/svg>An unforgettable experience along the Amsterdam canals!<\/li>\n<\/ul>\n<p>&nbsp;<\/p>\n<p>Send in a quote request and we will arrange your ideal cruise!<\/p>\n\n<\/div>\n\n<div id=\"padding-6\" class=\"mk-padding-divider jupiter-donut-  jupiter-donut-clearfix\"><\/div>\n\n\n<div id=\"mk-button-7\" class=\"mk-button-container _ jupiter-donut-relative    jupiter-donut-block jupiter-donut-text-center \">\n\n\t\n\t\t<a href=\"\/en\/request-quote\" target=\"_self\" class=\"mk-button js-smooth-scroll mk-button--dimension-flat mk-button--size-large mk-button--corner-pointed text-color-light _ jupiter-donut-relative jupiter-donut-text-center jupiter-donut-font-weight-700 jupiter-donut-no-backface  jupiter-donut-letter-spacing-2 jupiter-donut-inline-block\"><span class=\"mk-button--text\">Request Quote<\/span><\/a>\n\n\t\n<\/div>\n\n<div id=\"padding-8\" class=\"mk-padding-divider jupiter-donut-  jupiter-donut-clearfix\"><\/div>\n\n<\/div>\n\n<div class=\"vc_col-sm-2 wpb_column column_container  jupiter-donut- _ jupiter-donut-height-full\">\n\t<\/div>\n\t\t\t<\/div>\n\t<\/div>\n<div class=\"vc_row-full-width vc_clearfix\"><\/div><\/div>[\/vc_column][\/vc_row]\n<\/div>","protected":false},"excerpt":{"rendered":"Amsterdam Grachtenfahrt mit essen Eine Amsterdam Grachtenfahrt mit essen auf einem historischen Luxusboot? Wer w\u00fcrde das nicht wollen? Bei Rederij Prinsengracht k\u00f6nnen Sie ein leckeres Dinner mit Familie, Freunden oder Arbeitskollegen genie\u00dfen. Die bezaubernden Kan\u00e4le Amsterdams sind der perfekte Ort f\u00fcr ein 3,4 oder 5-G\u00e4nge-Men\u00fc. Das gesamte Men\u00fc wird Ihnen beim Empfang an Bord pr\u00e4sentiert, [...]","protected":false},"author":3,"featured_media":3429,"parent":2518,"menu_order":0,"comment_status":"closed","ping_status":"closed","template":"","meta":{"_acf_changed":false,"footnotes":""},"class_list":["post-2685","page","type-page","status-publish","has-post-thumbnail","hentry"],"acf":[],"yoast_head":"<!-- This site is optimized with the Yoast SEO Premium plugin v27.3 (Yoast SEO v27.3) - https:\/\/yoast.com\/product\/yoast-seo-premium-wordpress\/ -->\n<title>Amsterdam Grachtenfahrt mit essen - Rederij Prinsengracht<\/title>\n<meta name=\"description\" content=\"Amsterdam grachtenfahrt mit essen? Erstklassiges Abendessen \u00e0 la carte auf einem privaten boat rund um die romantischen Kan\u00e4le der Stadt.\" \/>\n<meta name=\"robots\" content=\"index, follow, max-snippet:-1, max-image-preview:large, max-video-preview:-1\" \/>\n<link rel=\"canonical\" href=\"https:\/\/rederijprinsengracht.com\/de\/essenspakete\/amsterdam-grachtenfahrt-mit-essen\/\" \/>\n<meta property=\"og:locale\" content=\"de_DE\" \/>\n<meta property=\"og:type\" content=\"article\" \/>\n<meta property=\"og:title\" content=\"Amsterdam Grachtenfahrt mit essen\" \/>\n<meta property=\"og:description\" content=\"Amsterdam grachtenfahrt mit essen? Erstklassiges Abendessen \u00e0 la carte auf einem privaten boat rund um die romantischen Kan\u00e4le der Stadt.\" \/>\n<meta property=\"og:url\" content=\"https:\/\/rederijprinsengracht.com\/de\/essenspakete\/amsterdam-grachtenfahrt-mit-essen\/\" \/>\n<meta property=\"og:site_name\" content=\"Rederij Prinsengracht\" \/>\n<meta property=\"article:publisher\" content=\"https:\/\/www.facebook.com\/RederijPrinsengracht\/\" \/>\n<meta property=\"article:modified_time\" content=\"2023-03-06T08:28:32+00:00\" \/>\n<meta property=\"og:image\" content=\"https:\/\/rederijprinsengracht.com\/wp-content\/uploads\/2020\/08\/fruits-de-mer-delphine-scaled-e1604147263918.jpg\" \/>\n\t<meta property=\"og:image:width\" content=\"2560\" \/>\n\t<meta property=\"og:image:height\" content=\"1920\" \/>\n\t<meta property=\"og:image:type\" content=\"image\/jpeg\" \/>\n<meta name=\"twitter:card\" content=\"summary_large_image\" \/>\n<meta name=\"twitter:label1\" content=\"Gesch\u00e4tzte Lesezeit\" \/>\n\t<meta name=\"twitter:data1\" content=\"3\u00a0Minuten\" \/>\n<script type=\"application\/ld+json\" class=\"yoast-schema-graph\">{\"@context\":\"https:\\\/\\\/schema.org\",\"@graph\":[{\"@type\":\"WebPage\",\"@id\":\"https:\\\/\\\/rederijprinsengracht.com\\\/de\\\/essenspakete\\\/amsterdam-grachtenfahrt-mit-essen\\\/\",\"url\":\"https:\\\/\\\/rederijprinsengracht.com\\\/de\\\/essenspakete\\\/amsterdam-grachtenfahrt-mit-essen\\\/\",\"name\":\"Amsterdam Grachtenfahrt mit essen - Rederij Prinsengracht\",\"isPartOf\":{\"@id\":\"https:\\\/\\\/rederijprinsengracht.com\\\/de\\\/#website\"},\"primaryImageOfPage\":{\"@id\":\"https:\\\/\\\/rederijprinsengracht.com\\\/de\\\/essenspakete\\\/amsterdam-grachtenfahrt-mit-essen\\\/#primaryimage\"},\"image\":{\"@id\":\"https:\\\/\\\/rederijprinsengracht.com\\\/de\\\/essenspakete\\\/amsterdam-grachtenfahrt-mit-essen\\\/#primaryimage\"},\"thumbnailUrl\":\"https:\\\/\\\/rederijprinsengracht.com\\\/wp-content\\\/uploads\\\/2020\\\/08\\\/fruits-de-mer-delphine-scaled-e1604147263918.jpg\",\"datePublished\":\"2020-03-18T16:11:31+00:00\",\"dateModified\":\"2023-03-06T08:28:32+00:00\",\"description\":\"Amsterdam grachtenfahrt mit essen? Erstklassiges Abendessen \u00e0 la carte auf einem privaten boat rund um die romantischen Kan\u00e4le der Stadt.\",\"breadcrumb\":{\"@id\":\"https:\\\/\\\/rederijprinsengracht.com\\\/de\\\/essenspakete\\\/amsterdam-grachtenfahrt-mit-essen\\\/#breadcrumb\"},\"inLanguage\":\"de\",\"potentialAction\":[{\"@type\":\"ReadAction\",\"target\":[\"https:\\\/\\\/rederijprinsengracht.com\\\/de\\\/essenspakete\\\/amsterdam-grachtenfahrt-mit-essen\\\/\"]}]},{\"@type\":\"ImageObject\",\"inLanguage\":\"de\",\"@id\":\"https:\\\/\\\/rederijprinsengracht.com\\\/de\\\/essenspakete\\\/amsterdam-grachtenfahrt-mit-essen\\\/#primaryimage\",\"url\":\"https:\\\/\\\/rederijprinsengracht.com\\\/wp-content\\\/uploads\\\/2020\\\/08\\\/fruits-de-mer-delphine-scaled-e1604147263918.jpg\",\"contentUrl\":\"https:\\\/\\\/rederijprinsengracht.com\\\/wp-content\\\/uploads\\\/2020\\\/08\\\/fruits-de-mer-delphine-scaled-e1604147263918.jpg\",\"width\":2560,\"height\":1920,\"caption\":\"Amsterdam Grachtenfahrt mit essen und trinken in Amsterdam\"},{\"@type\":\"BreadcrumbList\",\"@id\":\"https:\\\/\\\/rederijprinsengracht.com\\\/de\\\/essenspakete\\\/amsterdam-grachtenfahrt-mit-essen\\\/#breadcrumb\",\"itemListElement\":[{\"@type\":\"ListItem\",\"position\":1,\"name\":\"Home\",\"item\":\"https:\\\/\\\/rederijprinsengracht.com\\\/de\\\/\"},{\"@type\":\"ListItem\",\"position\":2,\"name\":\"Essenspakete\",\"item\":\"https:\\\/\\\/rederijprinsengracht.com\\\/de\\\/essenspakete\\\/\"},{\"@type\":\"ListItem\",\"position\":3,\"name\":\"Amsterdam Grachtenfahrt mit essen\"}]},{\"@type\":\"WebSite\",\"@id\":\"https:\\\/\\\/rederijprinsengracht.com\\\/de\\\/#website\",\"url\":\"https:\\\/\\\/rederijprinsengracht.com\\\/de\\\/\",\"name\":\"Rederij Prinsengracht\",\"description\":\"Salonboot Huren Amsterdam\",\"publisher\":{\"@id\":\"https:\\\/\\\/rederijprinsengracht.com\\\/de\\\/#organization\"},\"potentialAction\":[{\"@type\":\"SearchAction\",\"target\":{\"@type\":\"EntryPoint\",\"urlTemplate\":\"https:\\\/\\\/rederijprinsengracht.com\\\/de\\\/?s={search_term_string}\"},\"query-input\":{\"@type\":\"PropertyValueSpecification\",\"valueRequired\":true,\"valueName\":\"search_term_string\"}}],\"inLanguage\":\"de\"},{\"@type\":\"Organization\",\"@id\":\"https:\\\/\\\/rederijprinsengracht.com\\\/de\\\/#organization\",\"name\":\"Rederij Prinsengracht\",\"alternateName\":\"Salonboot Amsterdam\",\"url\":\"https:\\\/\\\/rederijprinsengracht.com\\\/de\\\/\",\"logo\":{\"@type\":\"ImageObject\",\"inLanguage\":\"de\",\"@id\":\"https:\\\/\\\/rederijprinsengracht.com\\\/de\\\/#\\\/schema\\\/logo\\\/image\\\/\",\"url\":\"https:\\\/\\\/rederijprinsengracht.com\\\/wp-content\\\/uploads\\\/2019\\\/11\\\/rederij-prinsengracht-logo_links.png\",\"contentUrl\":\"https:\\\/\\\/rederijprinsengracht.com\\\/wp-content\\\/uploads\\\/2019\\\/11\\\/rederij-prinsengracht-logo_links.png\",\"width\":6232,\"height\":2239,\"caption\":\"Rederij Prinsengracht\"},\"image\":{\"@id\":\"https:\\\/\\\/rederijprinsengracht.com\\\/de\\\/#\\\/schema\\\/logo\\\/image\\\/\"},\"sameAs\":[\"https:\\\/\\\/www.facebook.com\\\/RederijPrinsengracht\\\/\",\"https:\\\/\\\/mastodon.nl\\\/@RederijPrinsengracht\",\"https:\\\/\\\/www.instagram.com\\\/rederij_prinsengracht\\\/\"],\"description\":\"Kleine boutique rederij in Amsterdam die prive rondvaarten organiseert met luxe salonboten die je kunt huren in Amsterdam. Prive boten in die zin dat wij varen op maat en op afspraak. Veelal gericht op lokaal Nederlands publiek.High end met luxe voor borrel diners en eten op een salonboot om de \\\"ervaring\\\" te ontvangen van onze stad.\",\"email\":\"reservations@rederijprinsengracht.com\",\"telephone\":\"0616163845\",\"legalName\":\"Rederij Prinsengracht\",\"foundingDate\":\"1909-06-05\",\"numberOfEmployees\":{\"@type\":\"QuantitativeValue\",\"minValue\":\"1\",\"maxValue\":\"10\"}}]}<\/script>\n<!-- \/ Yoast SEO Premium plugin. -->","yoast_head_json":{"title":"Amsterdam Grachtenfahrt mit essen - Rederij Prinsengracht","description":"Amsterdam grachtenfahrt mit essen? Erstklassiges Abendessen \u00e0 la carte auf einem privaten boat rund um die romantischen Kan\u00e4le der Stadt.","robots":{"index":"index","follow":"follow","max-snippet":"max-snippet:-1","max-image-preview":"max-image-preview:large","max-video-preview":"max-video-preview:-1"},"canonical":"https:\/\/rederijprinsengracht.com\/de\/essenspakete\/amsterdam-grachtenfahrt-mit-essen\/","og_locale":"de_DE","og_type":"article","og_title":"Amsterdam Grachtenfahrt mit essen","og_description":"Amsterdam grachtenfahrt mit essen? Erstklassiges Abendessen \u00e0 la carte auf einem privaten boat rund um die romantischen Kan\u00e4le der Stadt.","og_url":"https:\/\/rederijprinsengracht.com\/de\/essenspakete\/amsterdam-grachtenfahrt-mit-essen\/","og_site_name":"Rederij Prinsengracht","article_publisher":"https:\/\/www.facebook.com\/RederijPrinsengracht\/","article_modified_time":"2023-03-06T08:28:32+00:00","og_image":[{"width":2560,"height":1920,"url":"https:\/\/rederijprinsengracht.com\/wp-content\/uploads\/2020\/08\/fruits-de-mer-delphine-scaled-e1604147263918.jpg","type":"image\/jpeg"}],"twitter_card":"summary_large_image","twitter_misc":{"Gesch\u00e4tzte Lesezeit":"3\u00a0Minuten"},"schema":{"@context":"https:\/\/schema.org","@graph":[{"@type":"WebPage","@id":"https:\/\/rederijprinsengracht.com\/de\/essenspakete\/amsterdam-grachtenfahrt-mit-essen\/","url":"https:\/\/rederijprinsengracht.com\/de\/essenspakete\/amsterdam-grachtenfahrt-mit-essen\/","name":"Amsterdam Grachtenfahrt mit essen - Rederij Prinsengracht","isPartOf":{"@id":"https:\/\/rederijprinsengracht.com\/de\/#website"},"primaryImageOfPage":{"@id":"https:\/\/rederijprinsengracht.com\/de\/essenspakete\/amsterdam-grachtenfahrt-mit-essen\/#primaryimage"},"image":{"@id":"https:\/\/rederijprinsengracht.com\/de\/essenspakete\/amsterdam-grachtenfahrt-mit-essen\/#primaryimage"},"thumbnailUrl":"https:\/\/rederijprinsengracht.com\/wp-content\/uploads\/2020\/08\/fruits-de-mer-delphine-scaled-e1604147263918.jpg","datePublished":"2020-03-18T16:11:31+00:00","dateModified":"2023-03-06T08:28:32+00:00","description":"Amsterdam grachtenfahrt mit essen? Erstklassiges Abendessen \u00e0 la carte auf einem privaten boat rund um die romantischen Kan\u00e4le der Stadt.","breadcrumb":{"@id":"https:\/\/rederijprinsengracht.com\/de\/essenspakete\/amsterdam-grachtenfahrt-mit-essen\/#breadcrumb"},"inLanguage":"de","potentialAction":[{"@type":"ReadAction","target":["https:\/\/rederijprinsengracht.com\/de\/essenspakete\/amsterdam-grachtenfahrt-mit-essen\/"]}]},{"@type":"ImageObject","inLanguage":"de","@id":"https:\/\/rederijprinsengracht.com\/de\/essenspakete\/amsterdam-grachtenfahrt-mit-essen\/#primaryimage","url":"https:\/\/rederijprinsengracht.com\/wp-content\/uploads\/2020\/08\/fruits-de-mer-delphine-scaled-e1604147263918.jpg","contentUrl":"https:\/\/rederijprinsengracht.com\/wp-content\/uploads\/2020\/08\/fruits-de-mer-delphine-scaled-e1604147263918.jpg","width":2560,"height":1920,"caption":"Amsterdam Grachtenfahrt mit essen und trinken in Amsterdam"},{"@type":"BreadcrumbList","@id":"https:\/\/rederijprinsengracht.com\/de\/essenspakete\/amsterdam-grachtenfahrt-mit-essen\/#breadcrumb","itemListElement":[{"@type":"ListItem","position":1,"name":"Home","item":"https:\/\/rederijprinsengracht.com\/de\/"},{"@type":"ListItem","position":2,"name":"Essenspakete","item":"https:\/\/rederijprinsengracht.com\/de\/essenspakete\/"},{"@type":"ListItem","position":3,"name":"Amsterdam Grachtenfahrt mit essen"}]},{"@type":"WebSite","@id":"https:\/\/rederijprinsengracht.com\/de\/#website","url":"https:\/\/rederijprinsengracht.com\/de\/","name":"Rederij Prinsengracht","description":"Salonboot Huren Amsterdam","publisher":{"@id":"https:\/\/rederijprinsengracht.com\/de\/#organization"},"potentialAction":[{"@type":"SearchAction","target":{"@type":"EntryPoint","urlTemplate":"https:\/\/rederijprinsengracht.com\/de\/?s={search_term_string}"},"query-input":{"@type":"PropertyValueSpecification","valueRequired":true,"valueName":"search_term_string"}}],"inLanguage":"de"},{"@type":"Organization","@id":"https:\/\/rederijprinsengracht.com\/de\/#organization","name":"Rederij Prinsengracht","alternateName":"Salonboot Amsterdam","url":"https:\/\/rederijprinsengracht.com\/de\/","logo":{"@type":"ImageObject","inLanguage":"de","@id":"https:\/\/rederijprinsengracht.com\/de\/#\/schema\/logo\/image\/","url":"https:\/\/rederijprinsengracht.com\/wp-content\/uploads\/2019\/11\/rederij-prinsengracht-logo_links.png","contentUrl":"https:\/\/rederijprinsengracht.com\/wp-content\/uploads\/2019\/11\/rederij-prinsengracht-logo_links.png","width":6232,"height":2239,"caption":"Rederij Prinsengracht"},"image":{"@id":"https:\/\/rederijprinsengracht.com\/de\/#\/schema\/logo\/image\/"},"sameAs":["https:\/\/www.facebook.com\/RederijPrinsengracht\/","https:\/\/mastodon.nl\/@RederijPrinsengracht","https:\/\/www.instagram.com\/rederij_prinsengracht\/"],"description":"Kleine boutique rederij in Amsterdam die prive rondvaarten organiseert met luxe salonboten die je kunt huren in Amsterdam. Prive boten in die zin dat wij varen op maat en op afspraak. Veelal gericht op lokaal Nederlands publiek.High end met luxe voor borrel diners en eten op een salonboot om de \"ervaring\" te ontvangen van onze stad.","email":"reservations@rederijprinsengracht.com","telephone":"0616163845","legalName":"Rederij Prinsengracht","foundingDate":"1909-06-05","numberOfEmployees":{"@type":"QuantitativeValue","minValue":"1","maxValue":"10"}}]}},"_links":{"self":[{"href":"https:\/\/rederijprinsengracht.com\/de\/wp-json\/wp\/v2\/pages\/2685","targetHints":{"allow":["GET"]}}],"collection":[{"href":"https:\/\/rederijprinsengracht.com\/de\/wp-json\/wp\/v2\/pages"}],"about":[{"href":"https:\/\/rederijprinsengracht.com\/de\/wp-json\/wp\/v2\/types\/page"}],"author":[{"embeddable":true,"href":"https:\/\/rederijprinsengracht.com\/de\/wp-json\/wp\/v2\/users\/3"}],"replies":[{"embeddable":true,"href":"https:\/\/rederijprinsengracht.com\/de\/wp-json\/wp\/v2\/comments?post=2685"}],"version-history":[{"count":0,"href":"https:\/\/rederijprinsengracht.com\/de\/wp-json\/wp\/v2\/pages\/2685\/revisions"}],"up":[{"embeddable":true,"href":"https:\/\/rederijprinsengracht.com\/de\/wp-json\/wp\/v2\/pages\/2518"}],"wp:featuredmedia":[{"embeddable":true,"href":"https:\/\/rederijprinsengracht.com\/de\/wp-json\/wp\/v2\/media\/3429"}],"wp:attachment":[{"href":"https:\/\/rederijprinsengracht.com\/de\/wp-json\/wp\/v2\/media?parent=2685"}],"curies":[{"name":"wp","href":"https:\/\/api.w.org\/{rel}","templated":true}]}}