{"id":2747,"date":"2020-01-29T13:53:30","date_gmt":"2020-01-29T13:53:30","guid":{"rendered":"https:\/\/rederijprinsengracht.com\/boats\/boat-delphine\/"},"modified":"2023-02-12T19:03:43","modified_gmt":"2023-02-12T19:03:43","slug":"boot-delphine","status":"publish","type":"page","link":"https:\/\/rederijprinsengracht.com\/de\/boote\/boot-delphine\/","title":{"rendered":"Boot Delphine"},"content":{"rendered":"<div class=\"wpb-content-wrapper\">[vc_row fullwidth=&#8220;true&#8220; fullwidth_content=&#8220;false&#8220; css=&#8220;.vc_custom_1580138524596{background-color: #f2f2f2 !important;}&#8220;][vc_column][mk_padding_divider size=&#8220;80&#8243;][vc_row_inner][vc_column_inner width=&#8220;1\/3&#8243;][mk_padding_divider size=&#8220;20&#8243;][vc_column_text css=&#8220;.vc_custom_1586353269726{margin-bottom: 0px !important;}&#8220;]\n<h1><span style=\"color: #485961;\">Boot Delphine<\/span><\/h1>\n[\/vc_column_text][vc_separator color=&#8220;custom&#8220; align=&#8220;align_left&#8220; border_width=&#8220;2&#8243; el_width=&#8220;10&#8243; accent_color=&#8220;#27c1a2&#8243;][vc_column_text css=&#8220;.vc_custom_1586353278912{margin-bottom: 0px !important;}&#8220;]\n<div class=\"wpb_text_column wpb_content_element \">\n<div class=\"wpb_wrapper\">\n<p>Das Boot Delphine hat Seitenw\u00e4nde aus Teakholz und ist mit bequemen Polstern ausgestattet. Ein luxuri\u00f6ses Boot, welches im Stil des fr\u00fchen letzten Jahrhunderts gebaut wurde. Dieses Boot ist im Sommer als auch im Winter einsetzbar, da das Dach vollst\u00e4ndig ge\u00f6ffnet und geschlossen werden kann. Zus\u00e4tzlich befindet sich eine Heizung an Bord.<\/p>\n<\/div>\n<\/div>\n[\/vc_column_text][vc_column_text css=&#8220;.vc_custom_1586353286718{margin-bottom: 0px !important;}&#8220;]<strong>Ab \u20ac220 pro Stunde<\/strong>[\/vc_column_text][mk_padding_divider size=&#8220;20&#8243;][mk_button dimension=&#8220;flat&#8220; size=&#8220;large&#8220; url=&#8220;https:\/\/fareharbor.com\/embeds\/book\/rockthatboat\/items\/107307\/calendar\/2023\/02\/?flow=96174&amp;full-items=yes&#8220; target=&#8220;_blank&#8220; nofollow=&#8220;true&#8220; bg_color=&#8220;#27c1a2&#8243; btn_hover_bg=&#8220;#27c1a2&#8243; btn_hover_txt_color=&#8220;#ffffff&#8220;]Buchen Sie jetzt und pr\u00fcfen Sie die Verf\u00fcgbarkeit[\/mk_button][\/vc_column_inner][vc_column_inner width=&#8220;2\/3&#8243;][vc_gallery type=&#8220;flexslider_slide&#8220; interval=&#8220;0&#8243; images=&#8220;1822,1463,2150,2152,2154&#8243; img_size=&#8220;800&#215;533&#8243; onclick=&#8220;&#8220;][\/vc_column_inner][\/vc_row_inner][\/vc_column][\/vc_row][vc_row fullwidth=&#8220;true&#8220; fullwidth_content=&#8220;false&#8220; css=&#8220;.vc_custom_1580138497539{background-color: #ffffff !important;}&#8220;][vc_column][mk_padding_divider size=&#8220;80&#8243;][vc_column_text css=&#8220;.vc_custom_1586353313663{margin-bottom: 0px !important;}&#8220;]\n<h2 style=\"text-align: center;\"><strong>Informationen zu dem Boot Delphine<\/strong><\/h2>\n[\/vc_column_text][vc_separator color=&#8220;custom&#8220; border_width=&#8220;2&#8243; el_width=&#8220;10&#8243; accent_color=&#8220;#27c1a2&#8243;][vc_column_text css=&#8220;.vc_custom_1586353319341{margin-bottom: 0px !important;}&#8220;]\n<div style=\"text-align: center;\">\n<p>Dieses wundersch\u00f6ne klassische Boot ist perfekt f\u00fcr jede Gelegenheit bei einer Gruppengr\u00f6\u00dfe von maximal 12 Personen. Getr\u00e4nke, Hochzeiten, Gesch\u00e4ftstreffen oder ein Familientag. Delphine passt f\u00fcr jede Veranstaltung. Wenn das Wetter es erlaubt kann das Dach vollst\u00e4ndig ge\u00f6ffnet werden. Im Winter dagegen kann das Boot beheizt werden. Mit diesem Boot k\u00f6nnen Sie durch die kleinsten Kan\u00e4le von Amsterdam!<\/p>\n<\/div>\n[\/vc_column_text][mk_padding_divider][vc_tabs][vc_tab title=&#8220;Veranstaltungen&#8220; tab_id=&#8220;1579770877-1-13&#8243;][vc_column_text css=&#8220;.vc_custom_1586353336023{margin-bottom: 0px !important;}&#8220;]\n<ul>\n<li>Getr\u00e4nke \u2013 bis zu 12 Personen<\/li>\n<li>Heiratsantrag<\/li>\n<li>Meetings<\/li>\n<li>Segeln Sie einfach durch die Kan\u00e4le<\/li>\n<li>Private Veranstaltungen<\/li>\n<\/ul>\n[\/vc_column_text][mk_padding_divider][\/vc_tab][vc_tab title=&#8220;Preise&#8220; tab_id=&#8220;1580137766173-2-1&#8243;][vc_column_text css=&#8220;.vc_custom_1586353364088{margin-bottom: 0px !important;}&#8220;]\n<table class=\" alignleft\" width=\"212\">\n<tbody>\n<tr>\n<td width=\"87\"><strong>Stunden<\/strong><\/td>\n<td width=\"125\"><strong>Preis<\/strong><\/td>\n<\/tr>\n<tr>\n<td>1 h<\/td>\n<td>\u20ac\u00a0220,00<\/td>\n<\/tr>\n<tr>\n<td>1,5 h<\/td>\n<td>\u20ac\u00a0310,50<\/td>\n<\/tr>\n<tr>\n<td>2 h<\/td>\n<td>\u20ac\u00a0400,00<\/td>\n<\/tr>\n<tr>\n<td>2,5 h<\/td>\n<td>\u20ac\u00a0490,00<\/td>\n<\/tr>\n<tr>\n<td>3 h<\/td>\n<td>\u20ac\u00a0580,00<\/td>\n<\/tr>\n<tr>\n<td>3,5 h<\/td>\n<td>\u20ac 670,00<\/td>\n<\/tr>\n<tr>\n<td>4 h<\/td>\n<td>\u20ac 760,00<\/td>\n<\/tr>\n<tr>\n<td>Zus\u00e4tzliche halbe Stunde<\/td>\n<td>\u20ac\u00a0 90,00<\/td>\n<\/tr>\n<\/tbody>\n<\/table>\n[\/vc_column_text][\/vc_tab][\/vc_tabs][mk_padding_divider size=&#8220;80&#8243;][\/vc_column][\/vc_row][vc_row fullwidth=&#8220;true&#8220; fullwidth_content=&#8220;false&#8220; css=&#8220;.vc_custom_1580305246981{background-color: #f2f2f2 !important;}&#8220;][vc_column][mk_padding_divider size=&#8220;80&#8243;][vc_column_text css=&#8220;.vc_custom_1599806553426{margin-bottom: 0px !important;}&#8220;]\n<h2 style=\"text-align: center;\">Abholstandorte Delphine<\/h2>\n[\/vc_column_text][vc_separator color=&#8220;custom&#8220; border_width=&#8220;2&#8243; el_width=&#8220;10&#8243; accent_color=&#8220;#27c1a2&#8243;][vc_raw_html]JTVCd3BnbXphJTIwaWQlM0QlMjI1JTIyJTVE[\/vc_raw_html][\/vc_column][\/vc_row][vc_row][vc_column]<div class=\"templatera_shortcode\"><style type=\"text\/css\" data-type=\"vc_shortcodes-custom-css\">.vc_custom_1584101846240{background-color: #f2f2f2 !important;}.vc_custom_1586272943951{margin-bottom: 0px !important;}<\/style>\n<div  data-mk-full-width=\"true\" data-mk-full-width-init=\"false\" class=\"wpb_row vc_row vc_row-fluid jupiter-donut- mk-fullwidth-true  attched-false    vc_custom_1584101846240  js-master-row \">\n\t\t\t<div class=\"mk-grid\">\n\t\t\t\t\n<div class=\"vc_col-sm-2 wpb_column column_container  jupiter-donut- _ jupiter-donut-height-full\">\n\t<\/div>\n\n<div class=\"vc_col-sm-8 wpb_column column_container  jupiter-donut- _ jupiter-donut-height-full\">\n\t\n<div id=\"padding-3\" class=\"mk-padding-divider jupiter-donut-  jupiter-donut-clearfix\"><\/div>\n\n\t<div class=\" vc_custom_1586272943951\">\n\n<div id=\"text-block-4\" class=\"mk-text-block  jupiter-donut- \">\n\n\t\n\t<h2><strong>Die 7 Garantien von Rederij Prinsengracht<\/strong><\/h2>\n\n\t<div class=\"clearboth\"><\/div>\n<\/div>\n\n\t<\/div>\n<div class=\"vc_separator wpb_content_element vc_separator_align_center vc_sep_width_10 vc_sep_border_width_2 vc_sep_pos_align_left vc_separator_no_text wpb_content_element  wpb_content_element\" ><span class=\"vc_sep_holder vc_sep_holder_l\"><span style=\"border-color:#27c1a2;\" class=\"vc_sep_line\"><\/span><\/span><span class=\"vc_sep_holder vc_sep_holder_r\"><span style=\"border-color:#27c1a2;\" class=\"vc_sep_line\"><\/span><\/span>\n<\/div>\n<div id=\"list-5\" class=\"mk-list-styles  mk-align-none  jupiter-donut- jupiter-donut-clear\" data-charcode=\"mk-icon-check\" data-family=\"\">\n\n\t\n\t<p>Ihr Erlebnis wird immer speziell auf Sie angepasst.<\/p>\n<p>Unabh\u00e4ngig davon gibt es einige weitere Garantien von Rederij Prinsengracht.<\/p>\n<ul>\n<li><svg  class=\"mk-svg-icon\" data-name=\"mk-icon-check\" data-cacheid=\"icon-69d15e20a3198\" style=\" height:16px; width: 16px; \"  xmlns=\"http:\/\/www.w3.org\/2000\/svg\" viewBox=\"0 0 1792 1792\"><path d=\"M1671 566q0 40-28 68l-724 724-136 136q-28 28-68 28t-68-28l-136-136-362-362q-28-28-28-68t28-68l136-136q28-28 68-28t68 28l294 295 656-657q28-28 68-28t68 28l136 136q28 28 28 68z\"\/><\/svg>Fahre mit einem L\u00e4cheln. Lokaler Steuermann und gro\u00dfartige Hostessen.<\/li>\n<li><svg  class=\"mk-svg-icon\" data-name=\"mk-icon-check\" data-cacheid=\"icon-69d15e20a3198\" style=\" height:16px; width: 16px; \"  xmlns=\"http:\/\/www.w3.org\/2000\/svg\" viewBox=\"0 0 1792 1792\"><path d=\"M1671 566q0 40-28 68l-724 724-136 136q-28 28-68 28t-68-28l-136-136-362-362q-28-28-28-68t28-68l136-136q28-28 68-28t68 28l294 295 656-657q28-28 68-28t68 28l136 136q28 28 28 68z\"\/><\/svg>Abholort nach Ihrer Wahl.<\/li>\n<li><svg  class=\"mk-svg-icon\" data-name=\"mk-icon-check\" data-cacheid=\"icon-69d15e20a3198\" style=\" height:16px; width: 16px; \"  xmlns=\"http:\/\/www.w3.org\/2000\/svg\" viewBox=\"0 0 1792 1792\"><path d=\"M1671 566q0 40-28 68l-724 724-136 136q-28 28-68 28t-68-28l-136-136-362-362q-28-28-28-68t28-68l136-136q28-28 68-28t68 28l294 295 656-657q28-28 68-28t68 28l136 136q28 28 28 68z\"\/><\/svg>Moderne Ausstattung an Bord (beinhaltet Toiletten, ein Soundsystem mit Mikrofon, 220 Volt, eine Heizung f\u00fcr\u00a0\u00a0\u00a0\u00a0 k\u00e4ltere Monate, gro\u00dfe offene Fenster und ein Deck f\u00fcr den Sommer)<\/li>\n<li><svg  class=\"mk-svg-icon\" data-name=\"mk-icon-check\" data-cacheid=\"icon-69d15e20a3198\" style=\" height:16px; width: 16px; \"  xmlns=\"http:\/\/www.w3.org\/2000\/svg\" viewBox=\"0 0 1792 1792\"><path d=\"M1671 566q0 40-28 68l-724 724-136 136q-28 28-68 28t-68-28l-136-136-362-362q-28-28-28-68t28-68l136-136q28-28 68-28t68 28l294 295 656-657q28-28 68-28t68 28l136 136q28 28 28 68z\"\/><\/svg><a href=\"https:\/\/rederijprinsengracht.com\/de\/bestpreis-garantie\/\">G\u00fcnstigster Preis<\/a> &amp; keine Reservierungsgeb\u00fchr<\/li>\n<li><svg  class=\"mk-svg-icon\" data-name=\"mk-icon-check\" data-cacheid=\"icon-69d15e20a3198\" style=\" height:16px; width: 16px; \"  xmlns=\"http:\/\/www.w3.org\/2000\/svg\" viewBox=\"0 0 1792 1792\"><path d=\"M1671 566q0 40-28 68l-724 724-136 136q-28 28-68 28t-68-28l-136-136-362-362q-28-28-28-68t28-68l136-136q28-28 68-28t68 28l294 295 656-657q28-28 68-28t68 28l136 136q28 28 28 68z\"\/><\/svg><a href=\"https:\/\/rederijprinsengracht.com\/de\/schlechtwetter-garantie\/\">Schlechtwettergarantie<\/a>: Das Dach kann ge\u00f6ffnet, sowie geschlossen werden.<\/li>\n<li><svg  class=\"mk-svg-icon\" data-name=\"mk-icon-check\" data-cacheid=\"icon-69d15e20a3198\" style=\" height:16px; width: 16px; \"  xmlns=\"http:\/\/www.w3.org\/2000\/svg\" viewBox=\"0 0 1792 1792\"><path d=\"M1671 566q0 40-28 68l-724 724-136 136q-28 28-68 28t-68-28l-136-136-362-362q-28-28-28-68t28-68l136-136q28-28 68-28t68 28l294 295 656-657q28-28 68-28t68 28l136 136q28 28 28 68z\"\/><\/svg>Ihre W\u00fcnsche und Vorlieben stehen immer im Mittelpunkt.<\/li>\n<li><svg  class=\"mk-svg-icon\" data-name=\"mk-icon-check\" data-cacheid=\"icon-69d15e20a3198\" style=\" height:16px; width: 16px; \"  xmlns=\"http:\/\/www.w3.org\/2000\/svg\" viewBox=\"0 0 1792 1792\"><path d=\"M1671 566q0 40-28 68l-724 724-136 136q-28 28-68 28t-68-28l-136-136-362-362q-28-28-28-68t28-68l136-136q28-28 68-28t68 28l294 295 656-657q28-28 68-28t68 28l136 136q28 28 28 68z\"\/><\/svg>Ein unvergessliches Erlebnis entlang der Kan\u00e4le von Amsterdam!<\/li>\n<\/ul>\n<p>Senden Sie eine unverbindliche Preisanfrage und wir arrangieren Ihre perfekte Fahrt!<\/p>\n\n<\/div>\n\n<div id=\"padding-6\" class=\"mk-padding-divider jupiter-donut-  jupiter-donut-clearfix\"><\/div>\n\n\n<div id=\"mk-button-7\" class=\"mk-button-container _ jupiter-donut-relative    jupiter-donut-block jupiter-donut-text-center \">\n\n\t\n\t\t<a href=\"\/de\/angebot-anfordern\" target=\"_self\" class=\"mk-button js-smooth-scroll mk-button--dimension-flat mk-button--size-large mk-button--corner-pointed text-color-light _ jupiter-donut-relative jupiter-donut-text-center jupiter-donut-font-weight-700 jupiter-donut-no-backface  jupiter-donut-letter-spacing-2 jupiter-donut-inline-block\"><span class=\"mk-button--text\">Angebot Anfordern<\/span><\/a>\n\n\t\n<\/div>\n\n<div id=\"padding-8\" class=\"mk-padding-divider jupiter-donut-  jupiter-donut-clearfix\"><\/div>\n\n<\/div>\n\n<div class=\"vc_col-sm-2 wpb_column column_container  jupiter-donut- _ jupiter-donut-height-full\">\n\t<\/div>\n\t\t\t<\/div>\n\t<\/div>\n<div class=\"vc_row-full-width vc_clearfix\"><\/div><\/div>[\/vc_column][\/vc_row]\n<\/div>","protected":false},"excerpt":{"rendered":"Boot Delphine Das Boot Delphine hat Seitenw\u00e4nde aus Teakholz und ist mit bequemen Polstern ausgestattet. Ein luxuri\u00f6ses Boot, welches im Stil des fr\u00fchen letzten Jahrhunderts gebaut wurde. Dieses Boot ist im Sommer als auch im Winter einsetzbar, da das Dach vollst\u00e4ndig ge\u00f6ffnet und geschlossen werden kann. Zus\u00e4tzlich befindet sich eine Heizung an Bord. Ab \u20ac220 [...]","protected":false},"author":3,"featured_media":2749,"parent":2740,"menu_order":0,"comment_status":"closed","ping_status":"closed","template":"","meta":{"_acf_changed":false,"footnotes":""},"class_list":["post-2747","page","type-page","status-publish","has-post-thumbnail","hentry"],"acf":[],"yoast_head":"<!-- This site is optimized with the Yoast SEO Premium plugin v27.3 (Yoast SEO v27.3) - https:\/\/yoast.com\/product\/yoast-seo-premium-wordpress\/ -->\n<title>Boot Delphine - Rederij Prinsengracht | Einfach online buchen<\/title>\n<meta name=\"description\" content=\"Das Boot Delphine hat Seitenw\u00e4nde aus Teakholz und ist mit bequemen Polstern ausgestattet. \u2714\ufe0f Komplette Crew \u2714\ufe0f einfach online buchen\" \/>\n<meta name=\"robots\" content=\"index, follow, max-snippet:-1, max-image-preview:large, max-video-preview:-1\" \/>\n<link rel=\"canonical\" href=\"https:\/\/rederijprinsengracht.com\/de\/boote\/boot-delphine\/\" \/>\n<meta property=\"og:locale\" content=\"de_DE\" \/>\n<meta property=\"og:type\" content=\"article\" \/>\n<meta property=\"og:title\" content=\"Boot Delphine\" \/>\n<meta property=\"og:description\" content=\"Das Boot Delphine hat Seitenw\u00e4nde aus Teakholz und ist mit bequemen Polstern ausgestattet. \u2714\ufe0f Komplette Crew \u2714\ufe0f einfach online buchen\" \/>\n<meta property=\"og:url\" content=\"https:\/\/rederijprinsengracht.com\/de\/boote\/boot-delphine\/\" \/>\n<meta property=\"og:site_name\" content=\"Rederij Prinsengracht\" \/>\n<meta property=\"article:publisher\" content=\"https:\/\/www.facebook.com\/RederijPrinsengracht\/\" \/>\n<meta property=\"article:modified_time\" content=\"2023-02-12T19:03:43+00:00\" \/>\n<meta property=\"og:image\" content=\"https:\/\/rederijprinsengracht.com\/wp-content\/uploads\/2020\/03\/salonboot-delphine-12-personen.jpeg\" \/>\n\t<meta property=\"og:image:width\" content=\"2048\" \/>\n\t<meta property=\"og:image:height\" content=\"2048\" \/>\n\t<meta property=\"og:image:type\" content=\"image\/jpeg\" \/>\n<meta name=\"twitter:card\" content=\"summary_large_image\" \/>\n<meta name=\"twitter:label1\" content=\"Gesch\u00e4tzte Lesezeit\" \/>\n\t<meta name=\"twitter:data1\" content=\"2\u00a0Minuten\" \/>\n<script type=\"application\/ld+json\" class=\"yoast-schema-graph\">{\"@context\":\"https:\\\/\\\/schema.org\",\"@graph\":[{\"@type\":\"WebPage\",\"@id\":\"https:\\\/\\\/rederijprinsengracht.com\\\/de\\\/boote\\\/boot-delphine\\\/\",\"url\":\"https:\\\/\\\/rederijprinsengracht.com\\\/de\\\/boote\\\/boot-delphine\\\/\",\"name\":\"Boot Delphine - Rederij Prinsengracht | Einfach online buchen\",\"isPartOf\":{\"@id\":\"https:\\\/\\\/rederijprinsengracht.com\\\/de\\\/#website\"},\"primaryImageOfPage\":{\"@id\":\"https:\\\/\\\/rederijprinsengracht.com\\\/de\\\/boote\\\/boot-delphine\\\/#primaryimage\"},\"image\":{\"@id\":\"https:\\\/\\\/rederijprinsengracht.com\\\/de\\\/boote\\\/boot-delphine\\\/#primaryimage\"},\"thumbnailUrl\":\"https:\\\/\\\/rederijprinsengracht.com\\\/wp-content\\\/uploads\\\/2020\\\/03\\\/salonboot-delphine-12-personen.jpeg\",\"datePublished\":\"2020-01-29T13:53:30+00:00\",\"dateModified\":\"2023-02-12T19:03:43+00:00\",\"description\":\"Das Boot Delphine hat Seitenw\u00e4nde aus Teakholz und ist mit bequemen Polstern ausgestattet. \u2714\ufe0f Komplette Crew \u2714\ufe0f einfach online buchen\",\"breadcrumb\":{\"@id\":\"https:\\\/\\\/rederijprinsengracht.com\\\/de\\\/boote\\\/boot-delphine\\\/#breadcrumb\"},\"inLanguage\":\"de\",\"potentialAction\":[{\"@type\":\"ReadAction\",\"target\":[\"https:\\\/\\\/rederijprinsengracht.com\\\/de\\\/boote\\\/boot-delphine\\\/\"]}]},{\"@type\":\"ImageObject\",\"inLanguage\":\"de\",\"@id\":\"https:\\\/\\\/rederijprinsengracht.com\\\/de\\\/boote\\\/boot-delphine\\\/#primaryimage\",\"url\":\"https:\\\/\\\/rederijprinsengracht.com\\\/wp-content\\\/uploads\\\/2020\\\/03\\\/salonboot-delphine-12-personen.jpeg\",\"contentUrl\":\"https:\\\/\\\/rederijprinsengracht.com\\\/wp-content\\\/uploads\\\/2020\\\/03\\\/salonboot-delphine-12-personen.jpeg\",\"width\":2048,\"height\":2048},{\"@type\":\"BreadcrumbList\",\"@id\":\"https:\\\/\\\/rederijprinsengracht.com\\\/de\\\/boote\\\/boot-delphine\\\/#breadcrumb\",\"itemListElement\":[{\"@type\":\"ListItem\",\"position\":1,\"name\":\"Home\",\"item\":\"https:\\\/\\\/rederijprinsengracht.com\\\/de\\\/\"},{\"@type\":\"ListItem\",\"position\":2,\"name\":\"Boote\",\"item\":\"https:\\\/\\\/rederijprinsengracht.com\\\/de\\\/boote\\\/\"},{\"@type\":\"ListItem\",\"position\":3,\"name\":\"Boot Delphine\"}]},{\"@type\":\"WebSite\",\"@id\":\"https:\\\/\\\/rederijprinsengracht.com\\\/de\\\/#website\",\"url\":\"https:\\\/\\\/rederijprinsengracht.com\\\/de\\\/\",\"name\":\"Rederij Prinsengracht\",\"description\":\"Salonboot Huren Amsterdam\",\"publisher\":{\"@id\":\"https:\\\/\\\/rederijprinsengracht.com\\\/de\\\/#organization\"},\"potentialAction\":[{\"@type\":\"SearchAction\",\"target\":{\"@type\":\"EntryPoint\",\"urlTemplate\":\"https:\\\/\\\/rederijprinsengracht.com\\\/de\\\/?s={search_term_string}\"},\"query-input\":{\"@type\":\"PropertyValueSpecification\",\"valueRequired\":true,\"valueName\":\"search_term_string\"}}],\"inLanguage\":\"de\"},{\"@type\":\"Organization\",\"@id\":\"https:\\\/\\\/rederijprinsengracht.com\\\/de\\\/#organization\",\"name\":\"Rederij Prinsengracht\",\"alternateName\":\"Salonboot Amsterdam\",\"url\":\"https:\\\/\\\/rederijprinsengracht.com\\\/de\\\/\",\"logo\":{\"@type\":\"ImageObject\",\"inLanguage\":\"de\",\"@id\":\"https:\\\/\\\/rederijprinsengracht.com\\\/de\\\/#\\\/schema\\\/logo\\\/image\\\/\",\"url\":\"https:\\\/\\\/rederijprinsengracht.com\\\/wp-content\\\/uploads\\\/2019\\\/11\\\/rederij-prinsengracht-logo_links.png\",\"contentUrl\":\"https:\\\/\\\/rederijprinsengracht.com\\\/wp-content\\\/uploads\\\/2019\\\/11\\\/rederij-prinsengracht-logo_links.png\",\"width\":6232,\"height\":2239,\"caption\":\"Rederij Prinsengracht\"},\"image\":{\"@id\":\"https:\\\/\\\/rederijprinsengracht.com\\\/de\\\/#\\\/schema\\\/logo\\\/image\\\/\"},\"sameAs\":[\"https:\\\/\\\/www.facebook.com\\\/RederijPrinsengracht\\\/\",\"https:\\\/\\\/mastodon.nl\\\/@RederijPrinsengracht\",\"https:\\\/\\\/www.instagram.com\\\/rederij_prinsengracht\\\/\"],\"description\":\"Kleine boutique rederij in Amsterdam die prive rondvaarten organiseert met luxe salonboten die je kunt huren in Amsterdam. Prive boten in die zin dat wij varen op maat en op afspraak. Veelal gericht op lokaal Nederlands publiek.High end met luxe voor borrel diners en eten op een salonboot om de \\\"ervaring\\\" te ontvangen van onze stad.\",\"email\":\"reservations@rederijprinsengracht.com\",\"telephone\":\"0616163845\",\"legalName\":\"Rederij Prinsengracht\",\"foundingDate\":\"1909-06-05\",\"numberOfEmployees\":{\"@type\":\"QuantitativeValue\",\"minValue\":\"1\",\"maxValue\":\"10\"}}]}<\/script>\n<!-- \/ Yoast SEO Premium plugin. -->","yoast_head_json":{"title":"Boot Delphine - Rederij Prinsengracht | Einfach online buchen","description":"Das Boot Delphine hat Seitenw\u00e4nde aus Teakholz und ist mit bequemen Polstern ausgestattet. \u2714\ufe0f Komplette Crew \u2714\ufe0f einfach online buchen","robots":{"index":"index","follow":"follow","max-snippet":"max-snippet:-1","max-image-preview":"max-image-preview:large","max-video-preview":"max-video-preview:-1"},"canonical":"https:\/\/rederijprinsengracht.com\/de\/boote\/boot-delphine\/","og_locale":"de_DE","og_type":"article","og_title":"Boot Delphine","og_description":"Das Boot Delphine hat Seitenw\u00e4nde aus Teakholz und ist mit bequemen Polstern ausgestattet. \u2714\ufe0f Komplette Crew \u2714\ufe0f einfach online buchen","og_url":"https:\/\/rederijprinsengracht.com\/de\/boote\/boot-delphine\/","og_site_name":"Rederij Prinsengracht","article_publisher":"https:\/\/www.facebook.com\/RederijPrinsengracht\/","article_modified_time":"2023-02-12T19:03:43+00:00","og_image":[{"width":2048,"height":2048,"url":"https:\/\/rederijprinsengracht.com\/wp-content\/uploads\/2020\/03\/salonboot-delphine-12-personen.jpeg","type":"image\/jpeg"}],"twitter_card":"summary_large_image","twitter_misc":{"Gesch\u00e4tzte Lesezeit":"2\u00a0Minuten"},"schema":{"@context":"https:\/\/schema.org","@graph":[{"@type":"WebPage","@id":"https:\/\/rederijprinsengracht.com\/de\/boote\/boot-delphine\/","url":"https:\/\/rederijprinsengracht.com\/de\/boote\/boot-delphine\/","name":"Boot Delphine - Rederij Prinsengracht | Einfach online buchen","isPartOf":{"@id":"https:\/\/rederijprinsengracht.com\/de\/#website"},"primaryImageOfPage":{"@id":"https:\/\/rederijprinsengracht.com\/de\/boote\/boot-delphine\/#primaryimage"},"image":{"@id":"https:\/\/rederijprinsengracht.com\/de\/boote\/boot-delphine\/#primaryimage"},"thumbnailUrl":"https:\/\/rederijprinsengracht.com\/wp-content\/uploads\/2020\/03\/salonboot-delphine-12-personen.jpeg","datePublished":"2020-01-29T13:53:30+00:00","dateModified":"2023-02-12T19:03:43+00:00","description":"Das Boot Delphine hat Seitenw\u00e4nde aus Teakholz und ist mit bequemen Polstern ausgestattet. \u2714\ufe0f Komplette Crew \u2714\ufe0f einfach online buchen","breadcrumb":{"@id":"https:\/\/rederijprinsengracht.com\/de\/boote\/boot-delphine\/#breadcrumb"},"inLanguage":"de","potentialAction":[{"@type":"ReadAction","target":["https:\/\/rederijprinsengracht.com\/de\/boote\/boot-delphine\/"]}]},{"@type":"ImageObject","inLanguage":"de","@id":"https:\/\/rederijprinsengracht.com\/de\/boote\/boot-delphine\/#primaryimage","url":"https:\/\/rederijprinsengracht.com\/wp-content\/uploads\/2020\/03\/salonboot-delphine-12-personen.jpeg","contentUrl":"https:\/\/rederijprinsengracht.com\/wp-content\/uploads\/2020\/03\/salonboot-delphine-12-personen.jpeg","width":2048,"height":2048},{"@type":"BreadcrumbList","@id":"https:\/\/rederijprinsengracht.com\/de\/boote\/boot-delphine\/#breadcrumb","itemListElement":[{"@type":"ListItem","position":1,"name":"Home","item":"https:\/\/rederijprinsengracht.com\/de\/"},{"@type":"ListItem","position":2,"name":"Boote","item":"https:\/\/rederijprinsengracht.com\/de\/boote\/"},{"@type":"ListItem","position":3,"name":"Boot Delphine"}]},{"@type":"WebSite","@id":"https:\/\/rederijprinsengracht.com\/de\/#website","url":"https:\/\/rederijprinsengracht.com\/de\/","name":"Rederij Prinsengracht","description":"Salonboot Huren Amsterdam","publisher":{"@id":"https:\/\/rederijprinsengracht.com\/de\/#organization"},"potentialAction":[{"@type":"SearchAction","target":{"@type":"EntryPoint","urlTemplate":"https:\/\/rederijprinsengracht.com\/de\/?s={search_term_string}"},"query-input":{"@type":"PropertyValueSpecification","valueRequired":true,"valueName":"search_term_string"}}],"inLanguage":"de"},{"@type":"Organization","@id":"https:\/\/rederijprinsengracht.com\/de\/#organization","name":"Rederij Prinsengracht","alternateName":"Salonboot Amsterdam","url":"https:\/\/rederijprinsengracht.com\/de\/","logo":{"@type":"ImageObject","inLanguage":"de","@id":"https:\/\/rederijprinsengracht.com\/de\/#\/schema\/logo\/image\/","url":"https:\/\/rederijprinsengracht.com\/wp-content\/uploads\/2019\/11\/rederij-prinsengracht-logo_links.png","contentUrl":"https:\/\/rederijprinsengracht.com\/wp-content\/uploads\/2019\/11\/rederij-prinsengracht-logo_links.png","width":6232,"height":2239,"caption":"Rederij Prinsengracht"},"image":{"@id":"https:\/\/rederijprinsengracht.com\/de\/#\/schema\/logo\/image\/"},"sameAs":["https:\/\/www.facebook.com\/RederijPrinsengracht\/","https:\/\/mastodon.nl\/@RederijPrinsengracht","https:\/\/www.instagram.com\/rederij_prinsengracht\/"],"description":"Kleine boutique rederij in Amsterdam die prive rondvaarten organiseert met luxe salonboten die je kunt huren in Amsterdam. Prive boten in die zin dat wij varen op maat en op afspraak. Veelal gericht op lokaal Nederlands publiek.High end met luxe voor borrel diners en eten op een salonboot om de \"ervaring\" te ontvangen van onze stad.","email":"reservations@rederijprinsengracht.com","telephone":"0616163845","legalName":"Rederij Prinsengracht","foundingDate":"1909-06-05","numberOfEmployees":{"@type":"QuantitativeValue","minValue":"1","maxValue":"10"}}]}},"_links":{"self":[{"href":"https:\/\/rederijprinsengracht.com\/de\/wp-json\/wp\/v2\/pages\/2747","targetHints":{"allow":["GET"]}}],"collection":[{"href":"https:\/\/rederijprinsengracht.com\/de\/wp-json\/wp\/v2\/pages"}],"about":[{"href":"https:\/\/rederijprinsengracht.com\/de\/wp-json\/wp\/v2\/types\/page"}],"author":[{"embeddable":true,"href":"https:\/\/rederijprinsengracht.com\/de\/wp-json\/wp\/v2\/users\/3"}],"replies":[{"embeddable":true,"href":"https:\/\/rederijprinsengracht.com\/de\/wp-json\/wp\/v2\/comments?post=2747"}],"version-history":[{"count":0,"href":"https:\/\/rederijprinsengracht.com\/de\/wp-json\/wp\/v2\/pages\/2747\/revisions"}],"up":[{"embeddable":true,"href":"https:\/\/rederijprinsengracht.com\/de\/wp-json\/wp\/v2\/pages\/2740"}],"wp:featuredmedia":[{"embeddable":true,"href":"https:\/\/rederijprinsengracht.com\/de\/wp-json\/wp\/v2\/media\/2749"}],"wp:attachment":[{"href":"https:\/\/rederijprinsengracht.com\/de\/wp-json\/wp\/v2\/media?parent=2747"}],"curies":[{"name":"wp","href":"https:\/\/api.w.org\/{rel}","templated":true}]}}